{"id":56,"date":"2024-11-17T20:29:42","date_gmt":"2024-11-17T19:29:42","guid":{"rendered":"https:\/\/lagatacongafas.com\/asisuena\/?page_id=56"},"modified":"2026-04-01T09:05:01","modified_gmt":"2026-04-01T07:05:01","slug":"blog","status":"publish","type":"page","link":"https:\/\/lagatacongafas.com\/asisuena\/blog\/","title":{"rendered":"Blog"},"content":{"rendered":"<div class=\"et_d4_element et_pb_section et_pb_section_0  et_pb_css_mix_blend_mode et_section_regular et_block_section\" >\n\t\t\t\t\n\t\t\t\t\n\t\t\t\t\n\t\t\t\t\n\t\t\t\t\n\t\t\t\t\n\t\t\t\t<div class=\"et_d4_element et_pb_row et_pb_row_0  et_pb_css_mix_blend_mode et_block_row\">\n\t\t\t\t<div class=\"et_d4_element et_pb_column_4_4 et_pb_column et_pb_column_0  et_pb_css_mix_blend_mode et-last-child et_block_column\">\n\t\t\t\t\n\t\t\t\t\n\t\t\t\t\n\t\t\t\t\n\t\t\t\t<div class=\"et_pb_module et_d4_element et_pb_image et_pb_image_0\">\n\t\t\t\t\n\t\t\t\t\n\t\t\t\t\n\t\t\t\t\n\t\t\t\t<span class=\"et_pb_image_wrap \"><img loading=\"lazy\" decoding=\"async\" width=\"492\" height=\"291\" src=\"https:\/\/lagatacongafas.com\/asisuena\/wp-content\/uploads\/sites\/3\/2024\/11\/acupuncture-38.png\" alt=\"\" title=\"acupuncture-38\" srcset=\"https:\/\/lagatacongafas.com\/asisuena\/wp-content\/uploads\/sites\/3\/2024\/11\/acupuncture-38.png 492w, https:\/\/lagatacongafas.com\/asisuena\/wp-content\/uploads\/sites\/3\/2024\/11\/acupuncture-38-480x284.png 480w\" sizes=\"(min-width: 0px) and (max-width: 480px) 480px, (min-width: 481px) 492px, 100vw\" class=\"wp-image-59\" \/><\/span>\n\t\t\t<\/div><div class=\"et_pb_module et_d4_element et_pb_text et_pb_text_0  et_pb_text_align_left et_pb_bg_layout_light\">\n\t\t\t\t\n\t\t\t\t\n\t\t\t\t\n\t\t\t\t\n\t\t\t\t<div class=\"et_pb_text_inner\"><h1>Blog<\/h1><\/div>\n\t\t\t<\/div>\n\t\t\t<\/div>\n\t\t\t\t\n\t\t\t\t\n\t\t\t\t\n\t\t\t\t\n\t\t\t<\/div><div class=\"et_d4_element et_pb_row et_pb_row_1  et_pb_css_mix_blend_mode et_block_row\">\n\t\t\t\t<div class=\"et_d4_element et_pb_column_4_4 et_pb_column et_pb_column_1  et_pb_css_mix_blend_mode et-last-child et_block_column\">\n\t\t\t\t\n\t\t\t\t\n\t\t\t\t\n\t\t\t\t\n\t\t\t\t<div class=\"et_pb_with_border et_pb_module et_d4_element et_pb_blog_0  et_pb_css_mix_blend_mode et_pb_blog_grid_wrapper et_pb_bg_layout_light\">\n\t\t\t\t\t<div class=\"et_pb_blog_grid clearfix \">\n\t\t\t\t\t\n\t\t\t\t\t\n\t\t\t\t\t\n\t\t\t\t\t\n\t\t\t\t\t<div class=\"et_pb_ajax_pagination_container\">\n\t\t\t\t\t\t<div class=\"et_pb_salvattore_content\" data-columns>\n\t\t\t<article id=\"post-166\" class=\"et_pb_post clearfix et_pb_blog_item_0_0 post-166 post type-post status-publish format-standard has-post-thumbnail hentry category-sin-categoria\">\n\n\t\t\t\t<div class=\"et_pb_image_container\"><a href=\"https:\/\/lagatacongafas.com\/asisuena\/2026\/02\/24\/asi-suena-cien-anos-de-soledad\/\" class=\"entry-featured-image-url\"><img loading=\"lazy\" decoding=\"async\" src=\"https:\/\/lagatacongafas.com\/asisuena\/wp-content\/uploads\/sites\/3\/2026\/02\/PRACTICUM-HDV-1-400x250.jpg\" alt=\"As\u00ed suena&#8230; Cien a\u00f1os de soledad\" class=\"\" srcset=\"https:\/\/lagatacongafas.com\/asisuena\/wp-content\/uploads\/sites\/3\/2026\/02\/PRACTICUM-HDV-1.jpg 479w, https:\/\/lagatacongafas.com\/asisuena\/wp-content\/uploads\/sites\/3\/2026\/02\/PRACTICUM-HDV-1-400x250.jpg 480w \" sizes=\"(max-width:479px) 479px, 100vw \"  width=\"400\" height=\"250\" \/><\/a><\/div>\n\t\t\t\t\t\t\t\t\t\t\t\t\t\t<h2 class=\"entry-title\">\n\t\t\t\t\t\t\t\t\t\t\t\t\t<a href=\"https:\/\/lagatacongafas.com\/asisuena\/2026\/02\/24\/asi-suena-cien-anos-de-soledad\/\">As\u00ed suena&#8230; Cien a\u00f1os de soledad<\/a>\n\t\t\t\t\t\t\t\t\t\t\t<\/h2>\n\t\t\t\t\n\t\t\t\t\t<p class=\"post-meta\">por <span class=\"author vcard\"><a href=\"https:\/\/lagatacongafas.com\/asisuena\/author\/nuriapn\/\" title=\"Entradas de La Gata\" rel=\"author\">La Gata<\/a><\/span> | <span class=\"published\">Feb 24, 2026<\/span><\/p><div class=\"post-content\"><div class=\"post-content-inner\"><p>Cien a\u00f1os de soledad La novela de Gabriel Garc\u00eda M\u00e1rquez no solo se lee: se escucha. Macondo tiene sonido propio. Tiene lluvia persistente, insectos el\u00e9ctricos en la noche, disparos lejanos, murmullos familiares, acordeones que atraviesan generaciones. La historia de...<\/p>\n<\/div><a href=\"https:\/\/lagatacongafas.com\/asisuena\/2026\/02\/24\/asi-suena-cien-anos-de-soledad\/\" class=\"more-link\">leer m\u00e1s<\/a><\/div>\t\t\t\n\t\t\t<\/article>\n\t\t\t\t\n\t\t\t<article id=\"post-72\" class=\"et_pb_post clearfix et_pb_blog_item_0_1 post-72 post type-post status-publish format-standard has-post-thumbnail hentry category-sin-categoria\">\n\n\t\t\t\t<div class=\"et_pb_image_container\"><a href=\"https:\/\/lagatacongafas.com\/asisuena\/2024\/11\/26\/asi-suena-cosas-que-pasan\/\" class=\"entry-featured-image-url\"><img loading=\"lazy\" decoding=\"async\" src=\"https:\/\/lagatacongafas.com\/asisuena\/wp-content\/uploads\/sites\/3\/2024\/11\/there-is-doll-with-red-hair-sitting-ground-generative-ai-400x250.jpg\" alt=\"As\u00ed suena&#8230; Cosas que pasan\" class=\"\" srcset=\"https:\/\/lagatacongafas.com\/asisuena\/wp-content\/uploads\/sites\/3\/2024\/11\/there-is-doll-with-red-hair-sitting-ground-generative-ai-scaled.jpg 479w, https:\/\/lagatacongafas.com\/asisuena\/wp-content\/uploads\/sites\/3\/2024\/11\/there-is-doll-with-red-hair-sitting-ground-generative-ai-400x250.jpg 480w \" sizes=\"(max-width:479px) 479px, 100vw \"  width=\"400\" height=\"250\" \/><\/a><\/div>\n\t\t\t\t\t\t\t\t\t\t\t\t\t\t<h2 class=\"entry-title\">\n\t\t\t\t\t\t\t\t\t\t\t\t\t<a href=\"https:\/\/lagatacongafas.com\/asisuena\/2024\/11\/26\/asi-suena-cosas-que-pasan\/\">As\u00ed suena&#8230; Cosas que pasan<\/a>\n\t\t\t\t\t\t\t\t\t\t\t<\/h2>\n\t\t\t\t\n\t\t\t\t\t<p class=\"post-meta\">por <span class=\"author vcard\"><a href=\"https:\/\/lagatacongafas.com\/asisuena\/author\/nuriapn\/\" title=\"Entradas de La Gata\" rel=\"author\">La Gata<\/a><\/span> | <span class=\"published\">Nov 26, 2024<\/span><\/p><div class=\"post-content\"><div class=\"post-content-inner\"><p>Aqu\u00ed tienes informaci\u00f3n ampliada y an\u00e9cdotas sobre las piezas que mencionas: 1. Laura Palmer's Theme \u2013 Angelo Badalamenti Este tema, parte de la banda sonora de Twin Peaks (1990), fue compuesto por Angelo Badalamenti bajo la direcci\u00f3n de David Lynch. Con su atm\u00f3sfera...<\/p>\n<\/div><a href=\"https:\/\/lagatacongafas.com\/asisuena\/2024\/11\/26\/asi-suena-cosas-que-pasan\/\" class=\"more-link\">leer m\u00e1s<\/a><\/div>\t\t\t\n\t\t\t<\/article>\n\t\t\t\t\n\t\t\t<article id=\"post-73\" class=\"et_pb_post clearfix et_pb_blog_item_0_2 post-73 post type-post status-publish format-standard has-post-thumbnail hentry category-sin-categoria\">\n\n\t\t\t\t<div class=\"et_pb_image_container\"><a href=\"https:\/\/lagatacongafas.com\/asisuena\/2024\/11\/26\/asi-suena-thanos-el-hijo-del-enterrador\/\" class=\"entry-featured-image-url\"><img loading=\"lazy\" decoding=\"async\" src=\"https:\/\/lagatacongafas.com\/asisuena\/wp-content\/uploads\/sites\/3\/2024\/11\/AdobeStock_612540628_Preview-400x250.jpeg\" alt=\"As\u00ed suena&#8230; Thanos, el hijo del enterrador\" class=\"\" srcset=\"https:\/\/lagatacongafas.com\/asisuena\/wp-content\/uploads\/sites\/3\/2024\/11\/AdobeStock_612540628_Preview.jpeg 479w, https:\/\/lagatacongafas.com\/asisuena\/wp-content\/uploads\/sites\/3\/2024\/11\/AdobeStock_612540628_Preview-400x250.jpeg 480w \" sizes=\"(max-width:479px) 479px, 100vw \"  width=\"400\" height=\"250\" \/><\/a><\/div>\n\t\t\t\t\t\t\t\t\t\t\t\t\t\t<h2 class=\"entry-title\">\n\t\t\t\t\t\t\t\t\t\t\t\t\t<a href=\"https:\/\/lagatacongafas.com\/asisuena\/2024\/11\/26\/asi-suena-thanos-el-hijo-del-enterrador\/\">As\u00ed suena&#8230; Thanos, el hijo del enterrador<\/a>\n\t\t\t\t\t\t\t\t\t\t\t<\/h2>\n\t\t\t\t\n\t\t\t\t\t<p class=\"post-meta\">por <span class=\"author vcard\"><a href=\"https:\/\/lagatacongafas.com\/asisuena\/author\/nuriapn\/\" title=\"Entradas de La Gata\" rel=\"author\">La Gata<\/a><\/span> | <span class=\"published\">Nov 26, 2024<\/span><\/p><div class=\"post-content\"><div class=\"post-content-inner\"><p>\"Moonlight Sonata (Adagio Sostenuto)\" \u2013 Ludwig van Beethoven Esta pieza, oficialmente conocida como Piano Sonata No. 14 en C# menor, Op. 27 No. 2, fue compuesta por Beethoven en 1801 y dedicada a su alumna y amor plat\u00f3nico, la condesa Giulietta Guicciardi. El Adagio...<\/p>\n<\/div><a href=\"https:\/\/lagatacongafas.com\/asisuena\/2024\/11\/26\/asi-suena-thanos-el-hijo-del-enterrador\/\" class=\"more-link\">leer m\u00e1s<\/a><\/div>\t\t\t\n\t\t\t<\/article>\n\t\t\t\t\n\t\t\t<article id=\"post-67\" class=\"et_pb_post clearfix et_pb_blog_item_0_3 post-67 post type-post status-publish format-standard has-post-thumbnail hentry category-sin-categoria tag-marianela-presas tag-pedacitos tag-relatos\">\n\n\t\t\t\t<div class=\"et_pb_image_container\"><a href=\"https:\/\/lagatacongafas.com\/asisuena\/2024\/11\/26\/asi-suena-pedacitos\/\" class=\"entry-featured-image-url\"><img loading=\"lazy\" decoding=\"async\" src=\"https:\/\/lagatacongafas.com\/asisuena\/wp-content\/uploads\/sites\/3\/2024\/11\/Diseno-sin-titulo-e1742471116946-400x250.jpg\" alt=\"As\u00ed suena&#8230; Pedacitos\" class=\"\" srcset=\"https:\/\/lagatacongafas.com\/asisuena\/wp-content\/uploads\/sites\/3\/2024\/11\/Diseno-sin-titulo-e1742471116946.jpg 479w, https:\/\/lagatacongafas.com\/asisuena\/wp-content\/uploads\/sites\/3\/2024\/11\/Diseno-sin-titulo-e1742471116946-400x250.jpg 480w \" sizes=\"(max-width:479px) 479px, 100vw \"  width=\"400\" height=\"250\" \/><\/a><\/div>\n\t\t\t\t\t\t\t\t\t\t\t\t\t\t<h2 class=\"entry-title\">\n\t\t\t\t\t\t\t\t\t\t\t\t\t<a href=\"https:\/\/lagatacongafas.com\/asisuena\/2024\/11\/26\/asi-suena-pedacitos\/\">As\u00ed suena&#8230; Pedacitos<\/a>\n\t\t\t\t\t\t\t\t\t\t\t<\/h2>\n\t\t\t\t\n\t\t\t\t\t<p class=\"post-meta\">por <span class=\"author vcard\"><a href=\"https:\/\/lagatacongafas.com\/asisuena\/author\/nuriapn\/\" title=\"Entradas de La Gata\" rel=\"author\">La Gata<\/a><\/span> | <span class=\"published\">Nov 26, 2024<\/span><\/p><div class=\"post-content\"><div class=\"post-content-inner\"><p>1. All the Pretty Pieces - KALEIDA Esta canci\u00f3n pertenece al d\u00fao brit\u00e1nico KALEIDA, conocido por su estilo minimalista de synth-pop con un toque oscuro. La pieza destaca por su mezcla de voces et\u00e9reas y una base electr\u00f3nica melanc\u00f3lica. Este tema fue utilizado en...<\/p>\n<\/div><a href=\"https:\/\/lagatacongafas.com\/asisuena\/2024\/11\/26\/asi-suena-pedacitos\/\" class=\"more-link\">leer m\u00e1s<\/a><\/div>\t\t\t\n\t\t\t<\/article>\n\t\t\t\t\n\t\t\t<article id=\"post-1\" class=\"et_pb_post clearfix et_pb_blog_item_0_4 post-1 post type-post status-publish format-standard has-post-thumbnail hentry category-sin-categoria\">\n\n\t\t\t\t<div class=\"et_pb_image_container\"><a href=\"https:\/\/lagatacongafas.com\/asisuena\/2024\/11\/15\/asi-suena-berenice\/\" class=\"entry-featured-image-url\"><img loading=\"lazy\" decoding=\"async\" src=\"https:\/\/lagatacongafas.com\/asisuena\/wp-content\/uploads\/sites\/3\/2024\/11\/AdobeStock_587089462-400x250.jpeg\" alt=\"As\u00ed suena&#8230; Berenice\" class=\"\" srcset=\"https:\/\/lagatacongafas.com\/asisuena\/wp-content\/uploads\/sites\/3\/2024\/11\/AdobeStock_587089462-scaled.jpeg 479w, https:\/\/lagatacongafas.com\/asisuena\/wp-content\/uploads\/sites\/3\/2024\/11\/AdobeStock_587089462-400x250.jpeg 480w \" sizes=\"(max-width:479px) 479px, 100vw \"  width=\"400\" height=\"250\" \/><\/a><\/div>\n\t\t\t\t\t\t\t\t\t\t\t\t\t\t<h2 class=\"entry-title\">\n\t\t\t\t\t\t\t\t\t\t\t\t\t<a href=\"https:\/\/lagatacongafas.com\/asisuena\/2024\/11\/15\/asi-suena-berenice\/\">As\u00ed suena&#8230; Berenice<\/a>\n\t\t\t\t\t\t\t\t\t\t\t<\/h2>\n\t\t\t\t\n\t\t\t\t\t<p class=\"post-meta\">por <span class=\"author vcard\"><a href=\"https:\/\/lagatacongafas.com\/asisuena\/author\/nuriapn\/\" title=\"Entradas de La Gata\" rel=\"author\">La Gata<\/a><\/span> | <span class=\"published\">Nov 15, 2024<\/span><\/p><div class=\"post-content\"><div class=\"post-content-inner\"><p>El siglo XIX fue una \u00e9poca de cambios dram\u00e1ticos en Europa, marcada por las revoluciones pol\u00edticas, el avance de la industrializaci\u00f3n y el surgimiento de nuevas ideas art\u00edsticas, sociales y filos\u00f3ficas. En este entorno, los compositores fueron influenciados por el...<\/p>\n<\/div><a href=\"https:\/\/lagatacongafas.com\/asisuena\/2024\/11\/15\/asi-suena-berenice\/\" class=\"more-link\">leer m\u00e1s<\/a><\/div>\t\t\t\n\t\t\t<\/article>\n\t\t\t\t<\/div><div><div class=\"pagination clearfix\">\n\t<div class=\"alignleft\"><\/div>\n\t<div class=\"alignright\"><\/div>\n<\/div><\/div><\/div>\n\t\t\t\t\t<\/div>\n\t\t\t\t\t \n\t\t\t\t<\/div>\n\t\t\t<\/div>\n\t\t\t\t\n\t\t\t\t\n\t\t\t\t\n\t\t\t\t\n\t\t\t<\/div>\n\t\t\t\t\n\t\t\t\t\n\t\t\t<\/div>\n","protected":false},"excerpt":{"rendered":"","protected":false},"author":1,"featured_media":0,"parent":0,"menu_order":0,"comment_status":"closed","ping_status":"closed","template":"","meta":{"_acf_changed":false,"_et_pb_use_builder":"on","_et_pb_old_content":"","_et_gb_content_width":"","footnotes":""},"class_list":["post-56","page","type-page","status-publish","hentry"],"acf":[],"yoast_head":"<!-- This site is optimized with the Yoast SEO Premium plugin v26.6 (Yoast SEO v27.3) - https:\/\/yoast.com\/product\/yoast-seo-premium-wordpress\/ -->\n<title>Blog - As\u00ed suena...<\/title>\n<meta name=\"robots\" content=\"index, follow, max-snippet:-1, max-image-preview:large, max-video-preview:-1\" \/>\n<link rel=\"canonical\" href=\"https:\/\/lagatacongafas.com\/asisuena\/blog\/\" \/>\n<meta property=\"og:locale\" content=\"es_ES\" \/>\n<meta property=\"og:type\" content=\"article\" \/>\n<meta property=\"og:title\" content=\"Blog\" \/>\n<meta property=\"og:url\" content=\"https:\/\/lagatacongafas.com\/asisuena\/blog\/\" \/>\n<meta property=\"og:site_name\" content=\"As\u00ed suena...\" \/>\n<meta property=\"article:modified_time\" content=\"2026-04-01T07:05:01+00:00\" \/>\n<meta name=\"twitter:card\" content=\"summary_large_image\" \/>\n<meta name=\"twitter:label1\" content=\"Tiempo de lectura\" \/>\n\t<meta name=\"twitter:data1\" content=\"2 minutos\" \/>\n<script type=\"application\/ld+json\" class=\"yoast-schema-graph\">{\"@context\":\"https:\\\/\\\/schema.org\",\"@graph\":[{\"@type\":\"WebPage\",\"@id\":\"https:\\\/\\\/lagatacongafas.com\\\/asisuena\\\/blog\\\/\",\"url\":\"https:\\\/\\\/lagatacongafas.com\\\/asisuena\\\/blog\\\/\",\"name\":\"Blog - As\u00ed suena...\",\"isPartOf\":{\"@id\":\"https:\\\/\\\/lagatacongafas.com\\\/asisuena\\\/#website\"},\"datePublished\":\"2024-11-17T19:29:42+00:00\",\"dateModified\":\"2026-04-01T07:05:01+00:00\",\"breadcrumb\":{\"@id\":\"https:\\\/\\\/lagatacongafas.com\\\/asisuena\\\/blog\\\/#breadcrumb\"},\"inLanguage\":\"es\",\"potentialAction\":[{\"@type\":\"ReadAction\",\"target\":[\"https:\\\/\\\/lagatacongafas.com\\\/asisuena\\\/blog\\\/\"]}]},{\"@type\":\"BreadcrumbList\",\"@id\":\"https:\\\/\\\/lagatacongafas.com\\\/asisuena\\\/blog\\\/#breadcrumb\",\"itemListElement\":[{\"@type\":\"ListItem\",\"position\":1,\"name\":\"Portada\",\"item\":\"https:\\\/\\\/lagatacongafas.com\\\/asisuena\\\/\"},{\"@type\":\"ListItem\",\"position\":2,\"name\":\"Blog\"}]},{\"@type\":\"WebSite\",\"@id\":\"https:\\\/\\\/lagatacongafas.com\\\/asisuena\\\/#website\",\"url\":\"https:\\\/\\\/lagatacongafas.com\\\/asisuena\\\/\",\"name\":\"As\u00ed suena...\",\"description\":\"La m\u00fasica es un texto escuchado\",\"potentialAction\":[{\"@type\":\"SearchAction\",\"target\":{\"@type\":\"EntryPoint\",\"urlTemplate\":\"https:\\\/\\\/lagatacongafas.com\\\/asisuena\\\/?s={search_term_string}\"},\"query-input\":{\"@type\":\"PropertyValueSpecification\",\"valueRequired\":true,\"valueName\":\"search_term_string\"}}],\"inLanguage\":\"es\"}]}<\/script>\n<!-- \/ Yoast SEO Premium plugin. -->","yoast_head_json":{"title":"Blog - As\u00ed suena...","robots":{"index":"index","follow":"follow","max-snippet":"max-snippet:-1","max-image-preview":"max-image-preview:large","max-video-preview":"max-video-preview:-1"},"canonical":"https:\/\/lagatacongafas.com\/asisuena\/blog\/","og_locale":"es_ES","og_type":"article","og_title":"Blog","og_url":"https:\/\/lagatacongafas.com\/asisuena\/blog\/","og_site_name":"As\u00ed suena...","article_modified_time":"2026-04-01T07:05:01+00:00","twitter_card":"summary_large_image","twitter_misc":{"Tiempo de lectura":"2 minutos"},"schema":{"@context":"https:\/\/schema.org","@graph":[{"@type":"WebPage","@id":"https:\/\/lagatacongafas.com\/asisuena\/blog\/","url":"https:\/\/lagatacongafas.com\/asisuena\/blog\/","name":"Blog - As\u00ed suena...","isPartOf":{"@id":"https:\/\/lagatacongafas.com\/asisuena\/#website"},"datePublished":"2024-11-17T19:29:42+00:00","dateModified":"2026-04-01T07:05:01+00:00","breadcrumb":{"@id":"https:\/\/lagatacongafas.com\/asisuena\/blog\/#breadcrumb"},"inLanguage":"es","potentialAction":[{"@type":"ReadAction","target":["https:\/\/lagatacongafas.com\/asisuena\/blog\/"]}]},{"@type":"BreadcrumbList","@id":"https:\/\/lagatacongafas.com\/asisuena\/blog\/#breadcrumb","itemListElement":[{"@type":"ListItem","position":1,"name":"Portada","item":"https:\/\/lagatacongafas.com\/asisuena\/"},{"@type":"ListItem","position":2,"name":"Blog"}]},{"@type":"WebSite","@id":"https:\/\/lagatacongafas.com\/asisuena\/#website","url":"https:\/\/lagatacongafas.com\/asisuena\/","name":"As\u00ed suena...","description":"La m\u00fasica es un texto escuchado","potentialAction":[{"@type":"SearchAction","target":{"@type":"EntryPoint","urlTemplate":"https:\/\/lagatacongafas.com\/asisuena\/?s={search_term_string}"},"query-input":{"@type":"PropertyValueSpecification","valueRequired":true,"valueName":"search_term_string"}}],"inLanguage":"es"}]}},"_links":{"self":[{"href":"https:\/\/lagatacongafas.com\/asisuena\/wp-json\/wp\/v2\/pages\/56","targetHints":{"allow":["GET"]}}],"collection":[{"href":"https:\/\/lagatacongafas.com\/asisuena\/wp-json\/wp\/v2\/pages"}],"about":[{"href":"https:\/\/lagatacongafas.com\/asisuena\/wp-json\/wp\/v2\/types\/page"}],"author":[{"embeddable":true,"href":"https:\/\/lagatacongafas.com\/asisuena\/wp-json\/wp\/v2\/users\/1"}],"replies":[{"embeddable":true,"href":"https:\/\/lagatacongafas.com\/asisuena\/wp-json\/wp\/v2\/comments?post=56"}],"version-history":[{"count":9,"href":"https:\/\/lagatacongafas.com\/asisuena\/wp-json\/wp\/v2\/pages\/56\/revisions"}],"predecessor-version":[{"id":178,"href":"https:\/\/lagatacongafas.com\/asisuena\/wp-json\/wp\/v2\/pages\/56\/revisions\/178"}],"wp:attachment":[{"href":"https:\/\/lagatacongafas.com\/asisuena\/wp-json\/wp\/v2\/media?parent=56"}],"curies":[{"name":"wp","href":"https:\/\/api.w.org\/{rel}","templated":true}]}}